{"id":4495,"date":"2024-05-18T09:24:24","date_gmt":"2024-05-18T07:24:24","guid":{"rendered":"http:\/\/formation.wooplee.fr\/cci\/wordpress_1\/?page_id=4495"},"modified":"2024-05-21T09:31:56","modified_gmt":"2024-05-21T07:31:56","slug":"page-de-vente-baptiste","status":"publish","type":"page","link":"http:\/\/formation.wooplee.fr\/cci\/wordpress_1\/page-de-vente-baptiste\/","title":{"rendered":"Page de vente Baptiste"},"content":{"rendered":"\n<h2 class=\"wp-block-heading\">Voici une voiture que j&rsquo;aime beaucoup<\/h2>\n\n\n\n<figure class=\"wp-block-image size-large wp-duotone-unset-1\"><a href=\"http:\/\/formation.wooplee.fr\/cci\/wordpress_1\/wp-content\/uploads\/2024\/05\/33c8a6619683d9cc1be53dfc13d10095-scaled.jpeg\" target=\"_blank\" rel=\"noopener\"><img loading=\"lazy\" decoding=\"async\" width=\"1024\" height=\"683\" src=\"http:\/\/formation.wooplee.fr\/cci\/wordpress_1\/wp-content\/uploads\/2024\/05\/33c8a6619683d9cc1be53dfc13d10095-1024x683.jpeg\" alt=\"Nouvelle Porsche 911 991 GT3\" class=\"wp-image-4746\" srcset=\"http:\/\/formation.wooplee.fr\/cci\/wordpress_1\/wp-content\/uploads\/2024\/05\/33c8a6619683d9cc1be53dfc13d10095-1024x683.jpeg 1024w, http:\/\/formation.wooplee.fr\/cci\/wordpress_1\/wp-content\/uploads\/2024\/05\/33c8a6619683d9cc1be53dfc13d10095-300x200.jpeg 300w, http:\/\/formation.wooplee.fr\/cci\/wordpress_1\/wp-content\/uploads\/2024\/05\/33c8a6619683d9cc1be53dfc13d10095-150x100.jpeg 150w, http:\/\/formation.wooplee.fr\/cci\/wordpress_1\/wp-content\/uploads\/2024\/05\/33c8a6619683d9cc1be53dfc13d10095-768x512.jpeg 768w, http:\/\/formation.wooplee.fr\/cci\/wordpress_1\/wp-content\/uploads\/2024\/05\/33c8a6619683d9cc1be53dfc13d10095-1536x1025.jpeg 1536w, http:\/\/formation.wooplee.fr\/cci\/wordpress_1\/wp-content\/uploads\/2024\/05\/33c8a6619683d9cc1be53dfc13d10095-2048x1366.jpeg 2048w\" sizes=\"auto, (max-width: 767px) 89vw, (max-width: 1000px) 54vw, (max-width: 1071px) 543px, 580px\" \/><\/a><figcaption class=\"wp-element-caption\">Porsche 911 991 GT3<\/figcaption><\/figure>\n\n\n\n<div class=\"wp-block-buttons is-layout-flex wp-block-buttons-is-layout-flex\">\n<div class=\"wp-block-button is-style-outline is-style-outline--2\"><a class=\"wp-block-button__link wp-element-button\" href=\"http:\/\/formation.wooplee.fr\/cci\/wordpress_1\/\">Lien site<\/a><\/div>\n<\/div>\n\n\n\n<hr class=\"wp-block-separator has-alpha-channel-opacity\"\/>\n\n\n\n<h3 class=\"wp-block-heading\">chsdbsfobnqhdiojbdqjbn ipbn^ps<em>BO\u00a8F0DBOPSFJBP9<\/em>SB\u00a8SKB\u00a8NOSR0NSKRNHJSRI8BJSFDJBIPJ\u00e0j_ibr\u00e7\u00e0bh<\/h3>\n\n\n\n<p><\/p>\n\n\n\n<p>er\u00e7bnjchsdbsfobnqhdiojbdqjbn ipbn^psBO\u00a8F0DBOPSFJBP9SB\u00a8SKB\u00a8NOSR0NSKRNHJSRI8BJSFD<strong>JBIPJ\u00e0j_ibr\u00e7\u00e0bher\u00e7bnjch<\/strong>sdbsfobnqhdiojbdqjbn ipbn^psBO\u00a8F0DBOPSFJBP9SB\u00a8SKB\u00a8NOSR0NSKRNHJSRI8BJSFDJBIPJ\u00e0j_ibr\u00e7\u00e0bher\u00e7bnjchsdbsfobnqhdiojbdqjbn ipbn^psBO\u00a8F0DBOPSFJBP9SB\u00a8SKB\u00a8NOSR0NSKRNHJSRI8BJSFDJBIPJ\u00e0j_ibr\u00e7\u00e0bher\u00e7bnjchsdbsfobnqhdiojbdqjbn <a href=\"http:\/\/formation.wooplee.fr\/cci\/wordpress_1\/page-de-vente-baptiste\/\">ipbn^psBO\u00a8F0DBOPSFJBP9SB\u00a8SKB\u00a8NOSR0NSKRNHJSRI8BJSFDJBIPJ\u00e0j_ibr\u00e7\u00e0bher\u00e7bnj<\/a><\/p>\n\n\n\n<p><\/p>\n\n\n\n<p>er\u00e7bnjchsdbsfobnqhdiojbdqjbn ipbn^psBO\u00a8F0DBOPSFJBP9SB\u00a8SKB\u00a8NOSR0NSKRNHJSRI8BJSFD<strong>JBIPJ\u00e0j_ibr\u00e7\u00e0bher\u00e7bnjch<\/strong>sdbsfobnqhdiojbdqjbn ipbn^psBO\u00a8F0DBOPSFJBP9SB\u00a8SKB\u00a8NOSR0NSKRNHJSRI8BJSFDJBIPJ\u00e0j_ibr\u00e7\u00e0bher\u00e7bnjchsdbsfobnqhdiojbdqjbn ipbn^psBO\u00a8F0DBOPSFJBP9SB\u00a8SKB\u00a8NOSR0NSKRNHJSRI8BJSFDJBIPJ\u00e0j_ibr\u00e7\u00e0bher\u00e7bnjchsdbsfobnqhdiojbdqjbn <a href=\"http:\/\/formation.wooplee.fr\/cci\/wordpress_1\/page-de-vente-baptiste\/\">ipbn^psBO\u00a8F0DBOPSFJBP9SB\u00a8SKB\u00a8NOSR0NSKRNHJSRI8BJSFDJBIPJ\u00e0j_ibr\u00e7\u00e0bher\u00e7bnj<\/a><\/p>\n\n\n\n<p>g g g r  eeeeee eee eee eg g g r  eeeeee eee eee eg g g r  eeeeee eee eee eg g g r  eeeeee eee eee eg g g r  eeeeee eee eee eg g g r  eeeeee eee eee eg g g r  eeeeee eee eee eg g g r  eeeeee eee eee eg g g r  eeeeee eee eee eg g g r  eeeeee eee eee eg g g r  eeeeee eee eee eg g g r  eeeeee eee eee eg g g r  eeeeee eee eee eg g g r  eeeeee eee eee eg g g r  eeeeee eee eee eg g g r  eeeeee eee eee eg g g r  eeeeee eee eee eg g g r  eeeeee eee eee eg g g r  eeeeee eee eee eg g g r  eeeeee eee eee eg g g r  eeeeee eee eee eg g g r  eeeeee eee eee eg g g r  eeeeee eee eee eg g g r  eeeeee eee eee eg g g r  eeeeee eee eee eg g g r  eeeeee eee eee eg g g r  eeeeee eee eee eg g g r  eeeeee eee eee eg g g r  eeeeee eee eee eg g g r  eeeeee eee eee eg g g r  eeeeee eee eee eg g g r  eeeeee eee eee eg g g r  eeeeee eee eee eg g g r  eeeeee eee eee eg g g r  eeeeee eee eee eg g g r  eeeeee eee eee eg g g r  eeeeee eee eee eg g g r  eeeeee eee eee eg g g r  eeeeee eee eee eg g g r  eeeeee eee eee eg g g r  eeeeee eee eee eg g g r  eeeeee eee eee eg g g r  eeeeee eee eee eg g g r  eeeeee eee eee eg g g r  eeeeee eee eee eg g g r  eeeeee eee eee eg g g r  eeeeee eee eee eg g g r  eeeeee eee eee eg g g r  eeeeee eee eee eg g g r  eeeeee eee eee eg g g r  eeeeee eee eee eg g g r  eeeeee eee eee eg g g r  eeeeee eee eee eg g g r  eeeeee eee eee eg g g r  eeeeee eee eee eg g g r  eeeeee eee eee eg g g r  eeeeee eee eee eg g g r  eeeeee eee eee eg g g r  eeeeee eee eee eg g g r  eeeeee eee eee eg g g r  eeeeee eee eee eg g g r  eeeeee eee eee eg g g r  eeeeee eee eee eg g g r  eeeeee eee eee eg g g r  eeeeee eee eee eg g g r  eeeeee eee eee e<\/p>\n\n\n\n<p><\/p>\n\n\n\n<p>er\u00e7bnjchsdbsfobnqhdiojbdqjbn ipbn^psBO\u00a8F0DBOPSFJBP9SB\u00a8SKB\u00a8NOSR0NSKRNHJSRI8BJSFD<strong>JBIPJ\u00e0j_ibr\u00e7\u00e0bher\u00e7bnjch<\/strong>sdbsfobnqhdiojbdqjbn ipbn^psBO\u00a8F0DBOPSFJBP9SB\u00a8SKB\u00a8NOSR0NSKRNHJSRI8BJSFDJBIPJ\u00e0j_ibr\u00e7\u00e0bher\u00e7bnjchsdbsfobnqhdiojbdqjbn ipbn^psBO\u00a8F0DBOPSFJBP9SB\u00a8SKB\u00a8NOSR0NSKRNHJSRI8BJSFDJBIPJ\u00e0j_ibr\u00e7\u00e0bher\u00e7bnjchsdbsfobnqhdiojbdqjbn <a href=\"http:\/\/formation.wooplee.fr\/cci\/wordpress_1\/page-de-vente-baptiste\/\">ipbn^psBO\u00a8F0DBOPSFJBP9SB\u00a8SKB\u00a8NOSR0NSKRNHJSRI8BJSFDJBIPJ\u00e0j_ibr\u00e7\u00e0bher\u00e7bnj<\/a><\/p>\n\n\n\n<p><\/p>\n\n\n\n<p>er\u00e7bnjchsdbsfobnqhdiojbdqjbn ipbn^psBO\u00a8F0DBOPSFJBP9SB\u00a8SKB\u00a8NOSR0NSKRNHJSRI8BJSFD<strong>JBIPJ\u00e0j_ibr\u00e7\u00e0bher\u00e7bnjch<\/strong>sdbsfobnqhdiojbdqjbn ipbn^psBO\u00a8F0DBOPSFJBP9SB\u00a8SKB\u00a8NOSR0NSKRNHJSRI8BJSFDJBIPJ\u00e0j_ibr\u00e7\u00e0bher\u00e7bnjchsdbsfobnqhdiojbdqjbn ipbn^psBO\u00a8F0DBOPSFJBP9SB\u00a8SKB\u00a8NOSR0NSKRNHJSRI8BJSFDJBIPJ\u00e0j_ibr\u00e7\u00e0bher\u00e7bnjchsdbsfobnqhdiojbdqjbn <a href=\"http:\/\/formation.wooplee.fr\/cci\/wordpress_1\/page-de-vente-baptiste\/\">ipbn^psBO\u00a8F0DBOPSFJBP9SB\u00a8SKB\u00a8NOSR0NSKRNHJSRI8BJSFDJBIPJ\u00e0j_ibr\u00e7\u00e0bher\u00e7bnj<\/a><\/p>\n\n\n\n<p><\/p>\n\n\n\n<p>er\u00e7bnjchsdbsfobnqhdiojbdqjbn ipbn^psBO\u00a8F0DBOPSFJBP9SB\u00a8SKB\u00a8NOSR0NSKRNHJSRI8BJSFD<strong>JBIPJ\u00e0j_ibr\u00e7\u00e0bher\u00e7bnjch<\/strong>sdbsfobnqhdiojbdqjbn ipbn^psBO\u00a8F0DBOPSFJBP9SB\u00a8SKB\u00a8NOSR0NSKRNHJSRI8BJSFDJBIPJ\u00e0j_ibr\u00e7\u00e0bher\u00e7bnjchsdbsfobnqhdiojbdqjbn ipbn^psBO\u00a8F0DBOPSFJBP9SB\u00a8SKB\u00a8NOSR0NSKRNHJSRI8BJSFDJBIPJ\u00e0j_ibr\u00e7\u00e0bher\u00e7bnjchsdbsfobnqhdiojbdqjbn <a href=\"http:\/\/formation.wooplee.fr\/cci\/wordpress_1\/page-de-vente-baptiste\/\">ipbn^psBO\u00a8F0DBOPSFJBP9SB\u00a8SKB\u00a8NOSR0NSKRNHJSRI8BJSFDJBIPJ\u00e0j_ibr\u00e7\u00e0bher\u00e7bnj<\/a><\/p>\n\n\n\n<p><\/p>\n\n\n\n<p>er\u00e7bnjchsdbsfobnqhdiojbdqjbn ipbn^psBO\u00a8F0DBOPSFJBP9SB\u00a8SKB\u00a8NOSR0NSKRNHJSRI8BJSFD<strong>JBIPJ\u00e0j_ibr\u00e7\u00e0bher\u00e7bnjch<\/strong>sdbsfobnqhdiojbdqjbn ipbn^psBO\u00a8F0DBOPSFJBP9SB\u00a8SKB\u00a8NOSR0NSKRNHJSRI8BJSFDJBIPJ\u00e0j_ibr\u00e7\u00e0bher\u00e7bnjchsdbsfobnqhdiojbdqjbn ipbn^psBO\u00a8F0DBOPSFJBP9SB\u00a8SKB\u00a8NOSR0NSKRNHJSRI8BJSFDJBIPJ\u00e0j_ibr\u00e7\u00e0bher\u00e7bnjchsdbsfobnqhdiojbdqjbn <a href=\"http:\/\/formation.wooplee.fr\/cci\/wordpress_1\/page-de-vente-baptiste\/\">ipbn^psBO\u00a8F0DBOPSFJBP9SB\u00a8SKB\u00a8NOSR0NSKRNHJSRI8BJSFDJBIPJ\u00e0j_ibr\u00e7\u00e0bher\u00e7bnj<\/a><\/p>\n\n\n\n<p>er\u00e7bnjchsdbsfobnqhdiojbdqjbn ipbn^psBO\u00a8F0DBOPSFJBP9SB\u00a8SKB\u00a8NOSR0NSKRNHJSRI8BJSFD<strong>JBIPJ\u00e0j_ibr\u00e7\u00e0bher\u00e7bnjch<\/strong>sdbsfobnqhdiojbdqjbn ipbn^psBO\u00a8F0DBOPSFJBP9SB\u00a8SKB\u00a8NOSR0NSKRNHJSRI8BJSFDJBIPJ\u00e0j_ibr\u00e7\u00e0bher\u00e7bnjchsdbsfobnqhdiojbdqjbn ipbn^psBO\u00a8F0DBOPSFJBP9SB\u00a8SKB\u00a8NOSR0NSKRNHJSRI8BJSFDJBIPJ\u00e0j_ibr\u00e7\u00e0bher\u00e7bnjchsdbsfobnqhdiojbdqjbn <a href=\"http:\/\/formation.wooplee.fr\/cci\/wordpress_1\/page-de-vente-baptiste\/\">ipbn^psBO\u00a8F0DBOPSFJBP9SB\u00a8SKB\u00a8NOSR0NSKRNHJSRI8BJSFDJBIPJ\u00e0j_ibr\u00e7\u00e0bher\u00e7bnj<\/a><\/p>\n\n\n\n<p>g g g r  eeeeee eee eee e<\/p>\n\n\n\n<p><\/p>\n\n\n\n<p><a href=\"https:\/\/www.porsche.com\/france\">https:\/\/www.porsche.com\/france<\/a><\/p>\n\n\n\n<p><\/p>\n","protected":false},"excerpt":{"rendered":"<p>Voici une voiture que j&rsquo;aime beaucoup chsdbsfobnqhdiojbdqjbn ipbn^psBO\u00a8F0DBOPSFJBP9SB\u00a8SKB\u00a8NOSR0NSKRNHJSRI8BJSFDJBIPJ\u00e0j_ibr\u00e7\u00e0bh er\u00e7bnjchsdbsfobnqhdiojbdqjbn ipbn^psBO\u00a8F0DBOPSFJBP9SB\u00a8SKB\u00a8NOSR0NSKRNHJSRI8BJSFDJBIPJ\u00e0j_ibr\u00e7\u00e0bher\u00e7bnjchsdbsfobnqhdiojbdqjbn ipbn^psBO\u00a8F0DBOPSFJBP9SB\u00a8SKB\u00a8NOSR0NSKRNHJSRI8BJSFDJBIPJ\u00e0j_ibr\u00e7\u00e0bher\u00e7bnjchsdbsfobnqhdiojbdqjbn ipbn^psBO\u00a8F0DBOPSFJBP9SB\u00a8SKB\u00a8NOSR0NSKRNHJSRI8BJSFDJBIPJ\u00e0j_ibr\u00e7\u00e0bher\u00e7bnjchsdbsfobnqhdiojbdqjbn ipbn^psBO\u00a8F0DBOPSFJBP9SB\u00a8SKB\u00a8NOSR0NSKRNHJSRI8BJSFDJBIPJ\u00e0j_ibr\u00e7\u00e0bher\u00e7bnj er\u00e7bnjchsdbsfobnqhdiojbdqjbn ipbn^psBO\u00a8F0DBOPSFJBP9SB\u00a8SKB\u00a8NOSR0NSKRNHJSRI8BJSFDJBIPJ\u00e0j_ibr\u00e7\u00e0bher\u00e7bnjchsdbsfobnqhdiojbdqjbn ipbn^psBO\u00a8F0DBOPSFJBP9SB\u00a8SKB\u00a8NOSR0NSKRNHJSRI8BJSFDJBIPJ\u00e0j_ibr\u00e7\u00e0bher\u00e7bnjchsdbsfobnqhdiojbdqjbn ipbn^psBO\u00a8F0DBOPSFJBP9SB\u00a8SKB\u00a8NOSR0NSKRNHJSRI8BJSFDJBIPJ\u00e0j_ibr\u00e7\u00e0bher\u00e7bnjchsdbsfobnqhdiojbdqjbn ipbn^psBO\u00a8F0DBOPSFJBP9SB\u00a8SKB\u00a8NOSR0NSKRNHJSRI8BJSFDJBIPJ\u00e0j_ibr\u00e7\u00e0bher\u00e7bnj g g g r eeeeee eee eee eg g g r eeeeee eee eee eg g g r eeeeee eee eee eg g g r eeeeee eee eee eg g g r eeeeee eee eee eg g &hellip; <\/p>\n<p class=\"link-more\"><a href=\"http:\/\/formation.wooplee.fr\/cci\/wordpress_1\/page-de-vente-baptiste\/\" class=\"more-link\">Continuer la lecture<span class=\"screen-reader-text\"> de &laquo;&nbsp;Page de vente Baptiste&nbsp;&raquo;<\/span><\/a><\/p>\n","protected":false},"author":41,"featured_media":0,"parent":0,"menu_order":0,"comment_status":"closed","ping_status":"closed","template":"","meta":{"footnotes":""},"class_list":["post-4495","page","type-page","status-publish","hentry"],"yoast_head":"<!-- This site is optimized with the Yoast SEO plugin v24.9 - https:\/\/yoast.com\/wordpress\/plugins\/seo\/ -->\n<title>Page de vente Baptiste - BTS NDRC<\/title>\n<meta name=\"description\" content=\"gg g g g g g gg g gg g ggg g gggg gg g g g g g gg g gg g ggg g gggg gg g g g g g gg g gg g ggg g gggg gg g g g g g gg g gg g ggg g gggg gg g g g g g gg\" \/>\n<meta name=\"robots\" content=\"index, follow, max-snippet:-1, max-image-preview:large, max-video-preview:-1\" \/>\n<link rel=\"canonical\" href=\"http:\/\/formation.wooplee.fr\/cci\/wordpress_1\/page-de-vente-baptiste\/\" \/>\n<meta property=\"og:locale\" content=\"fr_FR\" \/>\n<meta property=\"og:type\" content=\"article\" \/>\n<meta property=\"og:title\" content=\"Page de vente Baptiste - BTS NDRC\" \/>\n<meta property=\"og:description\" content=\"gg g g g g g gg g gg g ggg g gggg gg g g g g g gg g gg g ggg g gggg gg g g g g g gg g gg g ggg g gggg gg g g g g g gg g gg g ggg g gggg gg g g g g g gg\" \/>\n<meta property=\"og:url\" content=\"http:\/\/formation.wooplee.fr\/cci\/wordpress_1\/page-de-vente-baptiste\/\" \/>\n<meta property=\"og:site_name\" content=\"BTS NDRC\" \/>\n<meta property=\"article:modified_time\" content=\"2024-05-21T07:31:56+00:00\" \/>\n<meta property=\"og:image\" content=\"http:\/\/formation.wooplee.fr\/cci\/wordpress_1\/wp-content\/uploads\/2024\/05\/33c8a6619683d9cc1be53dfc13d10095-1024x683.jpeg\" \/>\n<meta name=\"twitter:card\" content=\"summary_large_image\" \/>\n<meta name=\"twitter:label1\" content=\"Dur\u00e9e de lecture estim\u00e9e\" \/>\n\t<meta name=\"twitter:data1\" content=\"3 minutes\" \/>\n<script type=\"application\/ld+json\" class=\"yoast-schema-graph\">{\"@context\":\"https:\/\/schema.org\",\"@graph\":[{\"@type\":\"WebPage\",\"@id\":\"http:\/\/formation.wooplee.fr\/cci\/wordpress_1\/page-de-vente-baptiste\/\",\"url\":\"http:\/\/formation.wooplee.fr\/cci\/wordpress_1\/page-de-vente-baptiste\/\",\"name\":\"Page de vente Baptiste - BTS NDRC\",\"isPartOf\":{\"@id\":\"http:\/\/formation.wooplee.fr\/cci\/wordpress_1\/#website\"},\"primaryImageOfPage\":{\"@id\":\"http:\/\/formation.wooplee.fr\/cci\/wordpress_1\/page-de-vente-baptiste\/#primaryimage\"},\"image\":{\"@id\":\"http:\/\/formation.wooplee.fr\/cci\/wordpress_1\/page-de-vente-baptiste\/#primaryimage\"},\"thumbnailUrl\":\"http:\/\/formation.wooplee.fr\/cci\/wordpress_1\/wp-content\/uploads\/2024\/05\/33c8a6619683d9cc1be53dfc13d10095-1024x683.jpeg\",\"datePublished\":\"2024-05-18T07:24:24+00:00\",\"dateModified\":\"2024-05-21T07:31:56+00:00\",\"description\":\"gg g g g g g gg g gg g ggg g gggg gg g g g g g gg g gg g ggg g gggg gg g g g g g gg g gg g ggg g gggg gg g g g g g gg g gg g ggg g gggg gg g g g g g gg\",\"breadcrumb\":{\"@id\":\"http:\/\/formation.wooplee.fr\/cci\/wordpress_1\/page-de-vente-baptiste\/#breadcrumb\"},\"inLanguage\":\"fr-FR\",\"potentialAction\":[{\"@type\":\"ReadAction\",\"target\":[\"http:\/\/formation.wooplee.fr\/cci\/wordpress_1\/page-de-vente-baptiste\/\"]}]},{\"@type\":\"ImageObject\",\"inLanguage\":\"fr-FR\",\"@id\":\"http:\/\/formation.wooplee.fr\/cci\/wordpress_1\/page-de-vente-baptiste\/#primaryimage\",\"url\":\"http:\/\/formation.wooplee.fr\/cci\/wordpress_1\/wp-content\/uploads\/2024\/05\/33c8a6619683d9cc1be53dfc13d10095-scaled.jpeg\",\"contentUrl\":\"http:\/\/formation.wooplee.fr\/cci\/wordpress_1\/wp-content\/uploads\/2024\/05\/33c8a6619683d9cc1be53dfc13d10095-scaled.jpeg\",\"width\":2560,\"height\":1708,\"caption\":\"Porsche 911 991 GT3\"},{\"@type\":\"BreadcrumbList\",\"@id\":\"http:\/\/formation.wooplee.fr\/cci\/wordpress_1\/page-de-vente-baptiste\/#breadcrumb\",\"itemListElement\":[{\"@type\":\"ListItem\",\"position\":1,\"name\":\"Accueil\",\"item\":\"http:\/\/formation.wooplee.fr\/cci\/wordpress_1\/\"},{\"@type\":\"ListItem\",\"position\":2,\"name\":\"Page de vente Baptiste\"}]},{\"@type\":\"WebSite\",\"@id\":\"http:\/\/formation.wooplee.fr\/cci\/wordpress_1\/#website\",\"url\":\"http:\/\/formation.wooplee.fr\/cci\/wordpress_1\/\",\"name\":\"BTS NDRC\",\"description\":\"CCI FORMATION\",\"potentialAction\":[{\"@type\":\"SearchAction\",\"target\":{\"@type\":\"EntryPoint\",\"urlTemplate\":\"http:\/\/formation.wooplee.fr\/cci\/wordpress_1\/?s={search_term_string}\"},\"query-input\":{\"@type\":\"PropertyValueSpecification\",\"valueRequired\":true,\"valueName\":\"search_term_string\"}}],\"inLanguage\":\"fr-FR\"}]}<\/script>\n<!-- \/ Yoast SEO plugin. -->","yoast_head_json":{"title":"Page de vente Baptiste - BTS NDRC","description":"gg g g g g g gg g gg g ggg g gggg gg g g g g g gg g gg g ggg g gggg gg g g g g g gg g gg g ggg g gggg gg g g g g g gg g gg g ggg g gggg gg g g g g g gg","robots":{"index":"index","follow":"follow","max-snippet":"max-snippet:-1","max-image-preview":"max-image-preview:large","max-video-preview":"max-video-preview:-1"},"canonical":"http:\/\/formation.wooplee.fr\/cci\/wordpress_1\/page-de-vente-baptiste\/","og_locale":"fr_FR","og_type":"article","og_title":"Page de vente Baptiste - BTS NDRC","og_description":"gg g g g g g gg g gg g ggg g gggg gg g g g g g gg g gg g ggg g gggg gg g g g g g gg g gg g ggg g gggg gg g g g g g gg g gg g ggg g gggg gg g g g g g gg","og_url":"http:\/\/formation.wooplee.fr\/cci\/wordpress_1\/page-de-vente-baptiste\/","og_site_name":"BTS NDRC","article_modified_time":"2024-05-21T07:31:56+00:00","og_image":[{"url":"http:\/\/formation.wooplee.fr\/cci\/wordpress_1\/wp-content\/uploads\/2024\/05\/33c8a6619683d9cc1be53dfc13d10095-1024x683.jpeg","type":"","width":"","height":""}],"twitter_card":"summary_large_image","twitter_misc":{"Dur\u00e9e de lecture estim\u00e9e":"3 minutes"},"schema":{"@context":"https:\/\/schema.org","@graph":[{"@type":"WebPage","@id":"http:\/\/formation.wooplee.fr\/cci\/wordpress_1\/page-de-vente-baptiste\/","url":"http:\/\/formation.wooplee.fr\/cci\/wordpress_1\/page-de-vente-baptiste\/","name":"Page de vente Baptiste - BTS NDRC","isPartOf":{"@id":"http:\/\/formation.wooplee.fr\/cci\/wordpress_1\/#website"},"primaryImageOfPage":{"@id":"http:\/\/formation.wooplee.fr\/cci\/wordpress_1\/page-de-vente-baptiste\/#primaryimage"},"image":{"@id":"http:\/\/formation.wooplee.fr\/cci\/wordpress_1\/page-de-vente-baptiste\/#primaryimage"},"thumbnailUrl":"http:\/\/formation.wooplee.fr\/cci\/wordpress_1\/wp-content\/uploads\/2024\/05\/33c8a6619683d9cc1be53dfc13d10095-1024x683.jpeg","datePublished":"2024-05-18T07:24:24+00:00","dateModified":"2024-05-21T07:31:56+00:00","description":"gg g g g g g gg g gg g ggg g gggg gg g g g g g gg g gg g ggg g gggg gg g g g g g gg g gg g ggg g gggg gg g g g g g gg g gg g ggg g gggg gg g g g g g gg","breadcrumb":{"@id":"http:\/\/formation.wooplee.fr\/cci\/wordpress_1\/page-de-vente-baptiste\/#breadcrumb"},"inLanguage":"fr-FR","potentialAction":[{"@type":"ReadAction","target":["http:\/\/formation.wooplee.fr\/cci\/wordpress_1\/page-de-vente-baptiste\/"]}]},{"@type":"ImageObject","inLanguage":"fr-FR","@id":"http:\/\/formation.wooplee.fr\/cci\/wordpress_1\/page-de-vente-baptiste\/#primaryimage","url":"http:\/\/formation.wooplee.fr\/cci\/wordpress_1\/wp-content\/uploads\/2024\/05\/33c8a6619683d9cc1be53dfc13d10095-scaled.jpeg","contentUrl":"http:\/\/formation.wooplee.fr\/cci\/wordpress_1\/wp-content\/uploads\/2024\/05\/33c8a6619683d9cc1be53dfc13d10095-scaled.jpeg","width":2560,"height":1708,"caption":"Porsche 911 991 GT3"},{"@type":"BreadcrumbList","@id":"http:\/\/formation.wooplee.fr\/cci\/wordpress_1\/page-de-vente-baptiste\/#breadcrumb","itemListElement":[{"@type":"ListItem","position":1,"name":"Accueil","item":"http:\/\/formation.wooplee.fr\/cci\/wordpress_1\/"},{"@type":"ListItem","position":2,"name":"Page de vente Baptiste"}]},{"@type":"WebSite","@id":"http:\/\/formation.wooplee.fr\/cci\/wordpress_1\/#website","url":"http:\/\/formation.wooplee.fr\/cci\/wordpress_1\/","name":"BTS NDRC","description":"CCI FORMATION","potentialAction":[{"@type":"SearchAction","target":{"@type":"EntryPoint","urlTemplate":"http:\/\/formation.wooplee.fr\/cci\/wordpress_1\/?s={search_term_string}"},"query-input":{"@type":"PropertyValueSpecification","valueRequired":true,"valueName":"search_term_string"}}],"inLanguage":"fr-FR"}]}},"_links":{"self":[{"href":"http:\/\/formation.wooplee.fr\/cci\/wordpress_1\/wp-json\/wp\/v2\/pages\/4495","targetHints":{"allow":["GET"]}}],"collection":[{"href":"http:\/\/formation.wooplee.fr\/cci\/wordpress_1\/wp-json\/wp\/v2\/pages"}],"about":[{"href":"http:\/\/formation.wooplee.fr\/cci\/wordpress_1\/wp-json\/wp\/v2\/types\/page"}],"author":[{"embeddable":true,"href":"http:\/\/formation.wooplee.fr\/cci\/wordpress_1\/wp-json\/wp\/v2\/users\/41"}],"replies":[{"embeddable":true,"href":"http:\/\/formation.wooplee.fr\/cci\/wordpress_1\/wp-json\/wp\/v2\/comments?post=4495"}],"version-history":[{"count":11,"href":"http:\/\/formation.wooplee.fr\/cci\/wordpress_1\/wp-json\/wp\/v2\/pages\/4495\/revisions"}],"predecessor-version":[{"id":4767,"href":"http:\/\/formation.wooplee.fr\/cci\/wordpress_1\/wp-json\/wp\/v2\/pages\/4495\/revisions\/4767"}],"wp:attachment":[{"href":"http:\/\/formation.wooplee.fr\/cci\/wordpress_1\/wp-json\/wp\/v2\/media?parent=4495"}],"curies":[{"name":"wp","href":"https:\/\/api.w.org\/{rel}","templated":true}]}}